{"id":2260,"date":"2018-12-31T10:44:58","date_gmt":"2018-12-31T10:44:58","guid":{"rendered":"https:\/\/marrakechmassage.com\/subscriptions\/"},"modified":"2024-01-30T14:58:45","modified_gmt":"2024-01-30T14:58:45","slug":"subscriptions","status":"publish","type":"page","link":"https:\/\/marrakechmassage.com\/en\/subscriptions\/","title":{"rendered":"Subscriptions"},"content":{"rendered":"<div class=\"wpb-content-wrapper\"><p>[vc_row full_width=&#8221;stretch_row&#8221; content_placement=&#8221;middle&#8221; parallax=&#8221;content-moving&#8221; parallax_image=&#8221;1704&#8243; css=&#8221;.vc_custom_1670839167959{margin-top: 0px !important;padding-top: 100px !important;padding-bottom: 100px !important;}&#8221; el_class=&#8221;nd_options_vc_parallax_filter_1_3&#8243;][vc_column] <h4 style=\"color:#ffffff;padding:px;text-align:center;font-size:17px;line-height:17px;letter-spacing: 3px;font-weight:lighter\" class=\"   nd_options_second_font \">Are you looking for an ideal and original gift?<\/h4> <div style=\"background-color:;height: 10px\" class=\"nicdark_section  \"><\/div> <h1 style=\"color:#ffffff;padding:px;text-align:center;font-size:40px;line-height:40px;letter-spacing: px;font-weight:bold\" class=\"   nd_options_first_font \">SUBSCRIPTIONS<\/h1> <div style=\"background-color:;height: 50px\" class=\"nicdark_section  \"><\/div>[vc_row_inner][vc_column_inner width=&#8221;1\/3&#8243; css=&#8221;.vc_custom_1485782044776{margin-top: 10px !important;margin-bottom: 10px !important;}&#8221;]\n\n    <!--START PRICE-->\n    <div class=\" nd_options_price_component_l4 nd_options_section nd_options_bg_white nd_options_border_radius_25  \">\n                            \n        \n    <div style=\"background-color:#6d5149\" class=\" nd_options_price_component_l4_top nd_options_border_radius_25_25_0_0 nd_options_section nd_options_box_sizing_border_box nd_options_padding_40\">\n\n        <h5 class=\"nd_options_text_transform_uppercase nd_options_second_font nd_options_letter_spacing_3 nd_options_color_white\"><strong>Package Zen<\/strong><\/h5>\n        <div class=\"nd_options_section nd_options_height_10\"><\/div>\n        <h1 class=\"nd_options_font_size_40 nd_options_color_white\">2000 dhs<\/h1>\n        <div class=\"nd_options_section nd_options_height_20\"><\/div>\n        <h4 class=\"nd_options_color_white nd_options_font_size_12 nd_options_text_transform_uppercase nd_options_letter_spacing_3 nd_options_second_font nd_options_font_weight_lighter\"><\/h4>\n\n    <\/div>\n\n        <div class=\"nd_options_section nd_options_price_component_l4_middle nd_options_bg_white nd_options_box_sizing_border_box nd_options_padding_0_40\">\n            \n\n        <div class=\" nicdark_border_bottom_1_solid_grey nd_options_padding_5 nd_options_section nd_options_box_sizing_border_box\">\n        <img decoding=\"async\" alt=\"\" class=\"nd_options_display_inline_block nd_options_margin_right_10\" width=\"13\" src=\"http:\/\/www.nicdarkthemes.com\/themes\/beauty\/wp\/demo\/beauty-salon\/wp-content\/uploads\/sites\/2\/2017\/02\/icon-yes-grey.png\">\n        <p style=\"font-size: 14px;color:\" class=\"nd_options_display_inline_block\">Relaxing Body massage <\/p>\n      <\/div>\n\n      \n\n\n        <div class=\" nicdark_border_bottom_1_solid_grey nd_options_padding_5 nd_options_section nd_options_box_sizing_border_box\">\n        <img decoding=\"async\" alt=\"\" class=\"nd_options_display_inline_block nd_options_margin_right_10\" width=\"13\" src=\"http:\/\/www.nicdarkthemes.com\/themes\/beauty\/wp\/demo\/beauty-salon\/wp-content\/uploads\/sites\/2\/2017\/02\/icon-yes-grey.png\">\n        <p style=\"font-size: 14px;color:\" class=\"nd_options_display_inline_block\">10 Sessions<\/p>\n      <\/div>\n\n      \n\n\n        <div class=\" nicdark_border_bottom_1_solid_grey nd_options_padding_5 nd_options_section nd_options_box_sizing_border_box\">\n        <img decoding=\"async\" alt=\"\" class=\"nd_options_display_inline_block nd_options_margin_right_10\" width=\"11\" src=\"http:\/\/www.nicdarkthemes.com\/themes\/beauty\/wp\/demo\/beauty-salon\/wp-content\/uploads\/sites\/2\/2017\/02\/icon-not-grey.png\">\n        <p style=\"font-size: 14px;color:\" class=\"nd_options_display_inline_block\">60 min<\/p>\n      <\/div>\n\n      \n\n\n        <\/div>\n\n        <div class=\"nd_options_section nd_options_price_component_l4_bottom nd_options_box_sizing_border_box nd_options_padding_40\">\n\n            <a rel=\"\" style=\"background-color:#6d5149\" class=\"nd_options_display_inline_block nd_options_color_white nd_options_first_font nd_options_padding_8_12 nd_options_border_radius_20 nd_options_font_size_13\" href=\"https:\/\/marrakechmassage.com\/contact\/\">Register<\/a>\n\n        <\/div>\n\n    <\/div>\n    <!--END PRICE-->\n\n   [\/vc_column_inner][vc_column_inner width=&#8221;1\/3&#8243; css=&#8221;.vc_custom_1485782049253{margin-top: 10px !important;margin-bottom: 10px !important;}&#8221;]\n\n    <!--START PRICE-->\n    <div class=\" nd_options_price_component_l4 nd_options_section nd_options_bg_white nd_options_border_radius_25  \">\n                            \n        \n    <div style=\"background-color:#6d5149\" class=\" nd_options_price_component_l4_top nd_options_border_radius_25_25_0_0 nd_options_section nd_options_box_sizing_border_box nd_options_padding_40\">\n\n        <h5 class=\"nd_options_text_transform_uppercase nd_options_second_font nd_options_letter_spacing_3 nd_options_color_white\"><strong>Hammam PACKAGE<\/strong><\/h5>\n        <div class=\"nd_options_section nd_options_height_10\"><\/div>\n        <h1 class=\"nd_options_font_size_40 nd_options_color_white\">4000 dhs<\/h1>\n        <div class=\"nd_options_section nd_options_height_20\"><\/div>\n        <h4 class=\"nd_options_color_white nd_options_font_size_12 nd_options_text_transform_uppercase nd_options_letter_spacing_3 nd_options_second_font nd_options_font_weight_lighter\"><\/h4>\n\n    <\/div>\n\n        <div class=\"nd_options_section nd_options_price_component_l4_middle nd_options_bg_white nd_options_box_sizing_border_box nd_options_padding_0_40\">\n            \n\n        <div class=\" nicdark_border_bottom_1_solid_grey nd_options_padding_5 nd_options_section nd_options_box_sizing_border_box\">\n        <img decoding=\"async\" alt=\"\" class=\"nd_options_display_inline_block nd_options_margin_right_10\" width=\"13\" src=\"http:\/\/www.nicdarkthemes.com\/themes\/beauty\/wp\/demo\/beauty-salon\/wp-content\/uploads\/sites\/2\/2017\/02\/icon-yes-grey.png\">\n        <p style=\"font-size: 14px;color:\" class=\"nd_options_display_inline_block\">Hammam treatment + Massage<\/p>\n      <\/div>\n\n      \n\n\n        <div class=\" nicdark_border_bottom_1_solid_grey nd_options_padding_5 nd_options_section nd_options_box_sizing_border_box\">\n        <img decoding=\"async\" alt=\"\" class=\"nd_options_display_inline_block nd_options_margin_right_10\" width=\"13\" src=\"http:\/\/www.nicdarkthemes.com\/themes\/beauty\/wp\/demo\/beauty-salon\/wp-content\/uploads\/sites\/2\/2017\/02\/icon-yes-grey.png\">\n        <p style=\"font-size: 14px;color:\" class=\"nd_options_display_inline_block\">10 Sessions<\/p>\n      <\/div>\n\n      \n\n\n        <div class=\" nicdark_border_bottom_1_solid_grey nd_options_padding_5 nd_options_section nd_options_box_sizing_border_box\">\n        <img decoding=\"async\" alt=\"\" class=\"nd_options_display_inline_block nd_options_margin_right_10\" width=\"13\" src=\"http:\/\/www.nicdarkthemes.com\/themes\/beauty\/wp\/demo\/beauty-salon\/wp-content\/uploads\/sites\/2\/2017\/02\/icon-yes-grey.png\">\n        <p style=\"font-size: 14px;color:\" class=\"nd_options_display_inline_block\">60 min Hammam + 60 min Massage<\/p>\n      <\/div>\n\n      \n\n        <\/div>\n\n        <div class=\"nd_options_section nd_options_price_component_l4_bottom nd_options_box_sizing_border_box nd_options_padding_40\">\n\n            <a rel=\"\" style=\"background-color:#6d5149\" class=\"nd_options_display_inline_block nd_options_color_white nd_options_first_font nd_options_padding_8_12 nd_options_border_radius_20 nd_options_font_size_13\" href=\"https:\/\/marrakechmassage.com\/contact\/\">Register<\/a>\n\n        <\/div>\n\n    <\/div>\n    <!--END PRICE-->\n\n   [\/vc_column_inner][vc_column_inner width=&#8221;1\/3&#8243;]\n\n    <!--START PRICE-->\n    <div class=\" nd_options_price_component_l4 nd_options_section nd_options_bg_white nd_options_border_radius_25  \">\n                            \n        \n    <div style=\"background-color:#6d5149\" class=\" nd_options_price_component_l4_top nd_options_border_radius_25_25_0_0 nd_options_section nd_options_box_sizing_border_box nd_options_padding_40\">\n\n        <h5 class=\"nd_options_text_transform_uppercase nd_options_second_font nd_options_letter_spacing_3 nd_options_color_white\"><strong>Package Slimming<\/strong><\/h5>\n        <div class=\"nd_options_section nd_options_height_10\"><\/div>\n        <h1 class=\"nd_options_font_size_40 nd_options_color_white\">1500 dhs<\/h1>\n        <div class=\"nd_options_section nd_options_height_20\"><\/div>\n        <h4 class=\"nd_options_color_white nd_options_font_size_12 nd_options_text_transform_uppercase nd_options_letter_spacing_3 nd_options_second_font nd_options_font_weight_lighter\"><\/h4>\n\n    <\/div>\n\n        <div class=\"nd_options_section nd_options_price_component_l4_middle nd_options_bg_white nd_options_box_sizing_border_box nd_options_padding_0_40\">\n            \n\n        <div class=\" nicdark_border_bottom_1_solid_grey nd_options_padding_5 nd_options_section nd_options_box_sizing_border_box\">\n        <img decoding=\"async\" alt=\"\" class=\"nd_options_display_inline_block nd_options_margin_right_10\" width=\"13\" src=\"http:\/\/www.nicdarkthemes.com\/themes\/beauty\/wp\/demo\/beauty-salon\/wp-content\/uploads\/sites\/2\/2017\/02\/icon-yes-grey.png\">\n        <p style=\"font-size: 14px;color:\" class=\"nd_options_display_inline_block\">Anti cellulite massage <\/p>\n      <\/div>\n\n      \n\n\n        <div class=\" nicdark_border_bottom_1_solid_grey nd_options_padding_5 nd_options_section nd_options_box_sizing_border_box\">\n        <img decoding=\"async\" alt=\"\" class=\"nd_options_display_inline_block nd_options_margin_right_10\" width=\"13\" src=\"http:\/\/www.nicdarkthemes.com\/themes\/beauty\/wp\/demo\/beauty-salon\/wp-content\/uploads\/sites\/2\/2017\/02\/icon-yes-grey.png\">\n        <p style=\"font-size: 14px;color:\" class=\"nd_options_display_inline_block\">10 Sessions<\/p>\n      <\/div>\n\n      \n\n\n        <div class=\" nicdark_border_bottom_1_solid_grey nd_options_padding_5 nd_options_section nd_options_box_sizing_border_box\">\n        <img decoding=\"async\" alt=\"\" class=\"nd_options_display_inline_block nd_options_margin_right_10\" width=\"13\" src=\"http:\/\/www.nicdarkthemes.com\/themes\/beauty\/wp\/demo\/beauty-salon\/wp-content\/uploads\/sites\/2\/2017\/02\/icon-yes-grey.png\">\n        <p style=\"font-size: 14px;color:\" class=\"nd_options_display_inline_block\">30 min <\/p>\n      <\/div>\n\n      \n\n        <\/div>\n\n        <div class=\"nd_options_section nd_options_price_component_l4_bottom nd_options_box_sizing_border_box nd_options_padding_40\">\n\n            <a rel=\"\" style=\"background-color:#6d5149\" class=\"nd_options_display_inline_block nd_options_color_white nd_options_first_font nd_options_padding_8_12 nd_options_border_radius_20 nd_options_font_size_13\" href=\"https:\/\/marrakechmassage.com\/contact\">Register<\/a>\n\n        <\/div>\n\n    <\/div>\n    <!--END PRICE-->\n\n   [\/vc_column_inner][\/vc_row_inner] <h4 style=\"color:#ffffff;padding:px;text-align:;font-size:17px;line-height:17px;letter-spacing: 3px;font-weight:lighter\" class=\"   nd_options_second_font \">OFFER an unforgettable moment of relaxation to your friends, family and colleagues WITH A GIFT VOUCHER.<\/h4> <div style=\"background-color:;height: 10px\" class=\"nicdark_section  \"><\/div><div style=\"background-color:;height: 10px\" class=\"nicdark_section  \"><\/div> <p style=\"color:#ffffff;padding:px;text-align:center;font-size:14px;line-height:12px;letter-spacing: 3px;font-weight:normal\" class=\"   nd_options_second_font \">*(Excluding 4 Hands Massages, Hot Stone Massages and Anti-Cellulite Massages).<\/p> [\/vc_column][\/vc_row]<\/p>\n<\/div>","protected":false},"excerpt":{"rendered":"<p>[vc_row full_width=&#8221;stretch_row&#8221; content_placement=&#8221;middle&#8221; parallax=&#8221;content-moving&#8221; parallax_image=&#8221;1704&#8243; css=&#8221;.vc_custom_1670839167959{margin-top: 0px !important;padding-top: 100px !important;padding-bottom: 100px !important;}&#8221; el_class=&#8221;nd_options_vc_parallax_filter_1_3&#8243;][vc_column][vc_row_inner][vc_column_inner width=&#8221;1\/3&#8243; css=&#8221;.vc_custom_1485782044776{margin-top: 10px !important;margin-bottom: 10px !important;}&#8221;][\/vc_column_inner][vc_column_inner width=&#8221;1\/3&#8243; css=&#8221;.vc_custom_1485782049253{margin-top: 10px !important;margin-bottom: 10px !important;}&#8221;][\/vc_column_inner][vc_column_inner width=&#8221;1\/3&#8243;][\/vc_column_inner][\/vc_row_inner][\/vc_column][\/vc_row]<\/p>\n","protected":false},"author":5,"featured_media":0,"parent":0,"menu_order":0,"comment_status":"closed","ping_status":"closed","template":"","meta":{"_joinchat":[],"footnotes":""},"class_list":["post-2260","page","type-page","status-publish","hentry"],"yoast_head":"<!-- This site is optimized with the Yoast SEO plugin v25.9 - https:\/\/yoast.com\/wordpress\/plugins\/seo\/ -->\n<title>Subscriptions - Marrakech Massage &amp; Hammam<\/title>\n<meta name=\"description\" content=\"As a SPA member you can enjoy an extra spa seance every month at an affordable price. Join us today at one of our beautiful SPA PACKAGES.\" \/>\n<meta name=\"robots\" content=\"index, follow, max-snippet:-1, max-image-preview:large, max-video-preview:-1\" \/>\n<link rel=\"canonical\" href=\"https:\/\/marrakechmassage.com\/en\/subscriptions\/\" \/>\n<meta property=\"og:locale\" content=\"en_US\" \/>\n<meta property=\"og:type\" content=\"article\" \/>\n<meta property=\"og:title\" content=\"Subscriptions - Marrakech Massage &amp; Hammam\" \/>\n<meta property=\"og:description\" content=\"As a SPA member you can enjoy an extra spa seance every month at an affordable price. Join us today at one of our beautiful SPA PACKAGES.\" \/>\n<meta property=\"og:url\" content=\"https:\/\/marrakechmassage.com\/en\/subscriptions\/\" \/>\n<meta property=\"og:site_name\" content=\"Marrakech Massage &amp; Hammam\" \/>\n<meta property=\"article:publisher\" content=\"https:\/\/www.facebook.com\/marrakech.spa.hammam.massage\/\" \/>\n<meta property=\"article:modified_time\" content=\"2024-01-30T14:58:45+00:00\" \/>\n<meta property=\"og:image\" content=\"https:\/\/marrakechmassage.com\/wp-content\/uploads\/2018\/12\/logo.png\" \/>\n\t<meta property=\"og:image:width\" content=\"283\" \/>\n\t<meta property=\"og:image:height\" content=\"269\" \/>\n\t<meta property=\"og:image:type\" content=\"image\/png\" \/>\n<meta name=\"twitter:card\" content=\"summary_large_image\" \/>\n<meta name=\"twitter:label1\" content=\"Est. reading time\" \/>\n\t<meta name=\"twitter:data1\" content=\"1 minute\" \/>\n<script type=\"application\/ld+json\" class=\"yoast-schema-graph\">{\"@context\":\"https:\/\/schema.org\",\"@graph\":[{\"@type\":\"WebPage\",\"@id\":\"https:\/\/marrakechmassage.com\/en\/subscriptions\/\",\"url\":\"https:\/\/marrakechmassage.com\/en\/subscriptions\/\",\"name\":\"Subscriptions - Marrakech Massage &amp; Hammam\",\"isPartOf\":{\"@id\":\"https:\/\/marrakechmassage.com\/en\/#website\"},\"datePublished\":\"2018-12-31T10:44:58+00:00\",\"dateModified\":\"2024-01-30T14:58:45+00:00\",\"description\":\"As a SPA member you can enjoy an extra spa seance every month at an affordable price. Join us today at one of our beautiful SPA PACKAGES.\",\"breadcrumb\":{\"@id\":\"https:\/\/marrakechmassage.com\/en\/subscriptions\/#breadcrumb\"},\"inLanguage\":\"en-US\",\"potentialAction\":[{\"@type\":\"ReadAction\",\"target\":[\"https:\/\/marrakechmassage.com\/en\/subscriptions\/\"]}]},{\"@type\":\"BreadcrumbList\",\"@id\":\"https:\/\/marrakechmassage.com\/en\/subscriptions\/#breadcrumb\",\"itemListElement\":[{\"@type\":\"ListItem\",\"position\":1,\"name\":\"Home\",\"item\":\"https:\/\/marrakechmassage.com\/en\/\"},{\"@type\":\"ListItem\",\"position\":2,\"name\":\"Subscriptions\"}]},{\"@type\":\"WebSite\",\"@id\":\"https:\/\/marrakechmassage.com\/en\/#website\",\"url\":\"https:\/\/marrakechmassage.com\/en\/\",\"name\":\"Marrakech Massage et Hammam\",\"description\":\"Marrakech SPA est un espace enti\u00e8rement consacr\u00e9 au bien-\u00eatre.\",\"publisher\":{\"@id\":\"https:\/\/marrakechmassage.com\/en\/#organization\"},\"potentialAction\":[{\"@type\":\"SearchAction\",\"target\":{\"@type\":\"EntryPoint\",\"urlTemplate\":\"https:\/\/marrakechmassage.com\/en\/?s={search_term_string}\"},\"query-input\":{\"@type\":\"PropertyValueSpecification\",\"valueRequired\":true,\"valueName\":\"search_term_string\"}}],\"inLanguage\":\"en-US\"},{\"@type\":\"Organization\",\"@id\":\"https:\/\/marrakechmassage.com\/en\/#organization\",\"name\":\"Marrakech SPA Hammam et Massage\",\"url\":\"https:\/\/marrakechmassage.com\/en\/\",\"logo\":{\"@type\":\"ImageObject\",\"inLanguage\":\"en-US\",\"@id\":\"https:\/\/marrakechmassage.com\/en\/#\/schema\/logo\/image\/\",\"url\":\"https:\/\/marrakechmassage.com\/wp-content\/uploads\/2018\/12\/logo.png\",\"contentUrl\":\"https:\/\/marrakechmassage.com\/wp-content\/uploads\/2018\/12\/logo.png\",\"width\":283,\"height\":269,\"caption\":\"Marrakech SPA Hammam et Massage\"},\"image\":{\"@id\":\"https:\/\/marrakechmassage.com\/en\/#\/schema\/logo\/image\/\"},\"sameAs\":[\"https:\/\/www.facebook.com\/marrakech.spa.hammam.massage\/\"]}]}<\/script>\n<!-- \/ Yoast SEO plugin. -->","yoast_head_json":{"title":"Subscriptions - Marrakech Massage &amp; Hammam","description":"As a SPA member you can enjoy an extra spa seance every month at an affordable price. Join us today at one of our beautiful SPA PACKAGES.","robots":{"index":"index","follow":"follow","max-snippet":"max-snippet:-1","max-image-preview":"max-image-preview:large","max-video-preview":"max-video-preview:-1"},"canonical":"https:\/\/marrakechmassage.com\/en\/subscriptions\/","og_locale":"en_US","og_type":"article","og_title":"Subscriptions - Marrakech Massage &amp; Hammam","og_description":"As a SPA member you can enjoy an extra spa seance every month at an affordable price. Join us today at one of our beautiful SPA PACKAGES.","og_url":"https:\/\/marrakechmassage.com\/en\/subscriptions\/","og_site_name":"Marrakech Massage &amp; Hammam","article_publisher":"https:\/\/www.facebook.com\/marrakech.spa.hammam.massage\/","article_modified_time":"2024-01-30T14:58:45+00:00","og_image":[{"width":283,"height":269,"url":"https:\/\/marrakechmassage.com\/wp-content\/uploads\/2018\/12\/logo.png","type":"image\/png"}],"twitter_card":"summary_large_image","twitter_misc":{"Est. reading time":"1 minute"},"schema":{"@context":"https:\/\/schema.org","@graph":[{"@type":"WebPage","@id":"https:\/\/marrakechmassage.com\/en\/subscriptions\/","url":"https:\/\/marrakechmassage.com\/en\/subscriptions\/","name":"Subscriptions - Marrakech Massage &amp; Hammam","isPartOf":{"@id":"https:\/\/marrakechmassage.com\/en\/#website"},"datePublished":"2018-12-31T10:44:58+00:00","dateModified":"2024-01-30T14:58:45+00:00","description":"As a SPA member you can enjoy an extra spa seance every month at an affordable price. Join us today at one of our beautiful SPA PACKAGES.","breadcrumb":{"@id":"https:\/\/marrakechmassage.com\/en\/subscriptions\/#breadcrumb"},"inLanguage":"en-US","potentialAction":[{"@type":"ReadAction","target":["https:\/\/marrakechmassage.com\/en\/subscriptions\/"]}]},{"@type":"BreadcrumbList","@id":"https:\/\/marrakechmassage.com\/en\/subscriptions\/#breadcrumb","itemListElement":[{"@type":"ListItem","position":1,"name":"Home","item":"https:\/\/marrakechmassage.com\/en\/"},{"@type":"ListItem","position":2,"name":"Subscriptions"}]},{"@type":"WebSite","@id":"https:\/\/marrakechmassage.com\/en\/#website","url":"https:\/\/marrakechmassage.com\/en\/","name":"Marrakech Massage et Hammam","description":"Marrakech SPA est un espace enti\u00e8rement consacr\u00e9 au bien-\u00eatre.","publisher":{"@id":"https:\/\/marrakechmassage.com\/en\/#organization"},"potentialAction":[{"@type":"SearchAction","target":{"@type":"EntryPoint","urlTemplate":"https:\/\/marrakechmassage.com\/en\/?s={search_term_string}"},"query-input":{"@type":"PropertyValueSpecification","valueRequired":true,"valueName":"search_term_string"}}],"inLanguage":"en-US"},{"@type":"Organization","@id":"https:\/\/marrakechmassage.com\/en\/#organization","name":"Marrakech SPA Hammam et Massage","url":"https:\/\/marrakechmassage.com\/en\/","logo":{"@type":"ImageObject","inLanguage":"en-US","@id":"https:\/\/marrakechmassage.com\/en\/#\/schema\/logo\/image\/","url":"https:\/\/marrakechmassage.com\/wp-content\/uploads\/2018\/12\/logo.png","contentUrl":"https:\/\/marrakechmassage.com\/wp-content\/uploads\/2018\/12\/logo.png","width":283,"height":269,"caption":"Marrakech SPA Hammam et Massage"},"image":{"@id":"https:\/\/marrakechmassage.com\/en\/#\/schema\/logo\/image\/"},"sameAs":["https:\/\/www.facebook.com\/marrakech.spa.hammam.massage\/"]}]}},"_links":{"self":[{"href":"https:\/\/marrakechmassage.com\/en\/wp-json\/wp\/v2\/pages\/2260","targetHints":{"allow":["GET"]}}],"collection":[{"href":"https:\/\/marrakechmassage.com\/en\/wp-json\/wp\/v2\/pages"}],"about":[{"href":"https:\/\/marrakechmassage.com\/en\/wp-json\/wp\/v2\/types\/page"}],"author":[{"embeddable":true,"href":"https:\/\/marrakechmassage.com\/en\/wp-json\/wp\/v2\/users\/5"}],"replies":[{"embeddable":true,"href":"https:\/\/marrakechmassage.com\/en\/wp-json\/wp\/v2\/comments?post=2260"}],"version-history":[{"count":0,"href":"https:\/\/marrakechmassage.com\/en\/wp-json\/wp\/v2\/pages\/2260\/revisions"}],"wp:attachment":[{"href":"https:\/\/marrakechmassage.com\/en\/wp-json\/wp\/v2\/media?parent=2260"}],"curies":[{"name":"wp","href":"https:\/\/api.w.org\/{rel}","templated":true}]}}