{"id":2239,"date":"2017-01-24T16:07:51","date_gmt":"2017-01-24T16:07:51","guid":{"rendered":"https:\/\/marrakechmassage.com\/contact-us\/"},"modified":"2024-01-30T14:57:48","modified_gmt":"2024-01-30T14:57:48","slug":"contact-us","status":"publish","type":"page","link":"https:\/\/marrakechmassage.com\/en\/contact-us\/","title":{"rendered":"Contact Us"},"content":{"rendered":"<div class=\"wpb-content-wrapper\"><p>[vc_row][vc_column width=&#8221;1\/2&#8243; css=&#8221;.vc_custom_1467214267244{padding-top: 10px !important;padding-bottom: 10px !important;}&#8221;]<div style=\"background-color:;height: 20px\" class=\"nicdark_section  \"><\/div>[vc_column_text]<\/p>\n<p style=\"font-size: 18px;\">Road of Fez from Marrakesh, El Ouaha 1 (behind Mini-football field)\u060c Marrakesh, 40000 (200m before ATACADAO Marcket).<\/p>\n<p>PHONE : <a href=\"tel:+212707716161\">+212 7 07 71 61 61<\/a>\u00a0( WhatsApp OK ) 10H -&gt;20H<\/p>\n<p>PHONE \/ FIXE\u00a0 \u00a0:<a href=\"tel:+212524326161\">+212 5 24 32 61 61<\/a><\/p>\n<p>MOBILE 1 :\u00a0<a href=\"tel:+212661368910\">+212 6 61 36 89 10<\/a>\u00a0( WhatsApp OK )<\/p>\n<p>MOBILE 2 :\u00a0<a href=\"tel:+212661173666\">+212 6 61 17 36 66<\/a>\u00a0( WhatsApp OK )<\/p>\n<pre class=\"LC20lb\" style=\"font-size: 18px;\"><\/pre>\n<h3 class=\"LC20lb\"><\/h3>\n<p><strong>&#8220;Reservation call or Whatsapp message = Quick response &#8220;<\/strong>[\/vc_column_text]<div style=\"background-color:;height: 20px\" class=\"nicdark_section  \"><\/div>\n\n    <!--start form-->\n    <div id=\"nd_options_shortcode_cf7_5\" class=\"nd_options_section \">\n      \n      <div class=\"nd_options_section nd_options_box_sizing_border_box\">\n        \n<div class=\"wpcf7 no-js\" id=\"wpcf7-f5-o1\" lang=\"en-US\" dir=\"ltr\">\n<div class=\"screen-reader-response\"><p role=\"status\" aria-live=\"polite\" aria-atomic=\"true\"><\/p> <ul><\/ul><\/div>\n<form action=\"\/en\/wp-json\/wp\/v2\/pages\/2239#wpcf7-f5-o1\" method=\"post\" class=\"wpcf7-form init\" aria-label=\"Contact form\" novalidate=\"novalidate\" data-status=\"init\">\n<input type=\"hidden\" name=\"_wpcf7\" value=\"5\" \/><input type=\"hidden\" name=\"_wpcf7_version\" value=\"6.1.5\" \/><input type=\"hidden\" name=\"_wpcf7_locale\" value=\"en_US\" \/><input type=\"hidden\" name=\"_wpcf7_unit_tag\" value=\"wpcf7-f5-o1\" \/><input type=\"hidden\" name=\"_wpcf7_container_post\" value=\"0\" \/><input type=\"hidden\" name=\"_wpcf7_posted_data_hash\" value=\"\" \/>\n\n<p><label> Votre Nom *<br \/>\n<span class=\"wpcf7-form-control-wrap\" data-name=\"your-name\"><input size=\"40\" class=\"wpcf7-form-control wpcf7-text wpcf7-validates-as-required\" aria-required=\"true\" aria-invalid=\"false\" value=\"\" type=\"text\" name=\"your-name\" \/><\/span> <\/label>\n<\/p>\n<p><label> Votre Email *<br \/>\n<span class=\"wpcf7-form-control-wrap\" data-name=\"your-email\"><input size=\"40\" class=\"wpcf7-form-control wpcf7-email wpcf7-validates-as-required wpcf7-text wpcf7-validates-as-email\" aria-required=\"true\" aria-invalid=\"false\" value=\"\" type=\"email\" name=\"your-email\" \/><\/span> <\/label>\n<\/p>\n<p><label> T\u00e9l\u00e9phone international (Exemple: +33 6 xx xx xx xx ) *<br \/>\n<span class=\"wpcf7-form-control-wrap\" data-name=\"your-subject\"><input size=\"40\" class=\"wpcf7-form-control wpcf7-text wpcf7-validates-as-required\" aria-required=\"true\" aria-invalid=\"false\" value=\"\" type=\"text\" name=\"your-subject\" \/><\/span> <\/label>\n<\/p>\n<p><label> R\u00e9servation ( Booking )<br \/>\n<span class=\"wpcf7-form-control-wrap\" data-name=\"your-message\"><textarea cols=\"40\" rows=\"10\" class=\"wpcf7-form-control wpcf7-textarea\" aria-invalid=\"false\" name=\"your-message\"><\/textarea><\/span> <\/label>\n<\/p>\n<p><input class=\"wpcf7-form-control wpcf7-submit has-spinner\" type=\"submit\" value=\"Envoyer\" \/>\n<\/p>\n<p>* Champ requis\n<\/p><div class=\"wpcf7-response-output\" aria-hidden=\"true\"><\/div>\n<\/form>\n<\/div>\n \n      <\/div>  \n\n    <\/div>\n    <!--end form-->\n\n   [\/vc_column][vc_column width=&#8221;1\/2&#8243; css=&#8221;.vc_custom_1467214272039{padding-top: 10px !important;padding-bottom: 10px !important;}&#8221;][vc_gmaps link=&#8221;#E-8_JTBBJTNDaWZyYW1lJTIwc3JjJTNEJTIyaHR0cHMlM0ElMkYlMkZ3d3cuZ29vZ2xlLmNvbSUyRm1hcHMlMkZlbWJlZCUzRnBiJTNEJTIxMW0xOCUyMTFtMTIlMjExbTMlMjExZDMzOTYuNDUyOTkyODc2ODA0NyUyMTJkLTcuOTUyNzc0MTg0OTgyNDUyJTIxM2QzMS42NDg4MjQyNDc5NTQ4NSUyMTJtMyUyMTFmMCUyMTJmMCUyMTNmMCUyMTNtMiUyMTFpMTAyNCUyMTJpNzY4JTIxNGYxMy4xJTIxM20zJTIxMW0yJTIxMXMweGRhZmYxZjk5OWE2MzBkYiUyNTNBMHgzMTY2ZDcyZWQyMWI1Y2U2JTIxMnNNYXJyYWtlY2glMkJNYXNzYWdlJTJCJTI1MjYlMkJIYW1tYW0lMjE1ZTAlMjEzbTIlMjExc2VuJTIxMnNtYSUyMTR2MTU0NjQyODUyMDA0OCUyMiUyMHdpZHRoJTNEJTIyNjAwJTIyJTIwaGVpZ2h0JTNEJTIyNDUwJTIyJTIwZnJhbWVib3JkZXIlM0QlMjIwJTIyJTIwc3R5bGUlM0QlMjJib3JkZXIlM0EwJTIyJTIwYWxsb3dmdWxsc2NyZWVuJTNEJTIyJTIyJTNFJTNDJTJGaWZyYW1lJTNFJTBB&#8221;]<div style=\"background-color:;height: 40px\" class=\"nicdark_section  \"><\/div><div style=\"background-color:;height: 40px\" class=\"nicdark_section  \"><\/div> <h3 style=\"color:#c4ab96;padding:px;text-align:center;font-size:25px;line-height:28px;letter-spacing: 2px;font-weight:normal\" class=\"   nd_options_first_font \">Open Tuesday to Sunday<br \/>\nFrom 10 a.m. To 8:00 p.m.<br \/>\nThe Spa is closed on Mondays<\/h3> <div style=\"background-color:;height: 10px\" class=\"nicdark_section  \"><\/div>\n\t<div class=\"nd_options_section nd_options_text_align_center\">\n\t<a style=\"border: px solid #490022;border-radius:25px;letter-spacing:4px;line-height:22px;font-size:22px;background-color:#e2c5d7;padding:15px 35px;margin:20px;color:#51033e\" rel=\"\" target=\"_blank\" href=\"https:\/\/www.google.com\/maps\/dir\/\/Marrakech+SPA+Hammam+%26+Massage+mini-foot+El+Ouaha+1,+40000+Route+de+F%C3%A8s+(derri%C3%A8re+terrain+Marrakesh+40000\/@31.6488197,-7.9505855,15z\/data=!4m8!4m7!1m0!1m5!1m1!1s0xdaff1f999a630db:0x3166d72ed21b5ce6!2m2!1d-7.9505855!2d31.6488197\" class=\"nicdark_display_inline_block  nd_options_font_weight_normal nd_options_first_font  \">LOCALISATION GPS<\/a>\n\t<\/div>\n[\/vc_column][\/vc_row][vc_row][vc_column][vc_single_image image=&#8221;2157&#8243; img_size=&#8221;large&#8221; alignment=&#8221;center&#8221;][\/vc_column][\/vc_row]<\/p>\n<\/div>","protected":false},"excerpt":{"rendered":"<p>[vc_row][vc_column width=&#8221;1\/2&#8243; css=&#8221;.vc_custom_1467214267244{padding-top: 10px !important;padding-bottom: 10px !important;}&#8221;][vc_column_text] Road of Fez from Marrakesh, El Ouaha 1 (behind Mini-football field)\u060c Marrakesh, 40000 (200m before ATACADAO Marcket). PHONE : +212 7 07 71 61 61\u00a0( WhatsApp OK ) 10H -&gt;20H PHONE \/ FIXE\u00a0 \u00a0:+212 5 24 32 61 61 MOBILE 1 :\u00a0+212 6 61 36 89 10\u00a0( WhatsApp [&hellip;]<\/p>\n","protected":false},"author":5,"featured_media":0,"parent":0,"menu_order":0,"comment_status":"closed","ping_status":"closed","template":"","meta":{"_joinchat":[],"footnotes":""},"class_list":["post-2239","page","type-page","status-publish","hentry"],"yoast_head":"<!-- This site is optimized with the Yoast SEO plugin v25.9 - https:\/\/yoast.com\/wordpress\/plugins\/seo\/ -->\n<title>Contact Us - Marrakech Massage &amp; Hammam<\/title>\n<meta name=\"description\" content=\"Marrakesh Massage &amp; Hammam is a space entirely devoted to well-being. A few minutes from Marrakesh downtown\" \/>\n<meta name=\"robots\" content=\"index, follow, max-snippet:-1, max-image-preview:large, max-video-preview:-1\" \/>\n<link rel=\"canonical\" href=\"https:\/\/marrakechmassage.com\/en\/contact-us\/\" \/>\n<meta property=\"og:locale\" content=\"en_US\" \/>\n<meta property=\"og:type\" content=\"article\" \/>\n<meta property=\"og:title\" content=\"Contact Us - Marrakech Massage &amp; Hammam\" \/>\n<meta property=\"og:description\" content=\"Marrakesh Massage &amp; Hammam is a space entirely devoted to well-being. A few minutes from Marrakesh downtown\" \/>\n<meta property=\"og:url\" content=\"https:\/\/marrakechmassage.com\/en\/contact-us\/\" \/>\n<meta property=\"og:site_name\" content=\"Marrakech Massage &amp; Hammam\" \/>\n<meta property=\"article:publisher\" content=\"https:\/\/www.facebook.com\/marrakech.spa.hammam.massage\/\" \/>\n<meta property=\"article:modified_time\" content=\"2024-01-30T14:57:48+00:00\" \/>\n<meta property=\"og:image\" content=\"https:\/\/marrakechmassage.com\/wp-content\/uploads\/2018\/12\/logo.png\" \/>\n\t<meta property=\"og:image:width\" content=\"283\" \/>\n\t<meta property=\"og:image:height\" content=\"269\" \/>\n\t<meta property=\"og:image:type\" content=\"image\/png\" \/>\n<meta name=\"twitter:card\" content=\"summary_large_image\" \/>\n<meta name=\"twitter:label1\" content=\"Est. reading time\" \/>\n\t<meta name=\"twitter:data1\" content=\"1 minute\" \/>\n<script type=\"application\/ld+json\" class=\"yoast-schema-graph\">{\"@context\":\"https:\/\/schema.org\",\"@graph\":[{\"@type\":\"WebPage\",\"@id\":\"https:\/\/marrakechmassage.com\/en\/contact-us\/\",\"url\":\"https:\/\/marrakechmassage.com\/en\/contact-us\/\",\"name\":\"Contact Us - Marrakech Massage &amp; Hammam\",\"isPartOf\":{\"@id\":\"https:\/\/marrakechmassage.com\/en\/#website\"},\"datePublished\":\"2017-01-24T16:07:51+00:00\",\"dateModified\":\"2024-01-30T14:57:48+00:00\",\"description\":\"Marrakesh Massage & Hammam is a space entirely devoted to well-being. A few minutes from Marrakesh downtown\",\"breadcrumb\":{\"@id\":\"https:\/\/marrakechmassage.com\/en\/contact-us\/#breadcrumb\"},\"inLanguage\":\"en-US\",\"potentialAction\":[{\"@type\":\"ReadAction\",\"target\":[\"https:\/\/marrakechmassage.com\/en\/contact-us\/\"]}]},{\"@type\":\"BreadcrumbList\",\"@id\":\"https:\/\/marrakechmassage.com\/en\/contact-us\/#breadcrumb\",\"itemListElement\":[{\"@type\":\"ListItem\",\"position\":1,\"name\":\"Home\",\"item\":\"https:\/\/marrakechmassage.com\/en\/\"},{\"@type\":\"ListItem\",\"position\":2,\"name\":\"Contact Us\"}]},{\"@type\":\"WebSite\",\"@id\":\"https:\/\/marrakechmassage.com\/en\/#website\",\"url\":\"https:\/\/marrakechmassage.com\/en\/\",\"name\":\"Marrakech Massage et Hammam\",\"description\":\"Marrakech SPA est un espace enti\u00e8rement consacr\u00e9 au bien-\u00eatre.\",\"publisher\":{\"@id\":\"https:\/\/marrakechmassage.com\/en\/#organization\"},\"potentialAction\":[{\"@type\":\"SearchAction\",\"target\":{\"@type\":\"EntryPoint\",\"urlTemplate\":\"https:\/\/marrakechmassage.com\/en\/?s={search_term_string}\"},\"query-input\":{\"@type\":\"PropertyValueSpecification\",\"valueRequired\":true,\"valueName\":\"search_term_string\"}}],\"inLanguage\":\"en-US\"},{\"@type\":\"Organization\",\"@id\":\"https:\/\/marrakechmassage.com\/en\/#organization\",\"name\":\"Marrakech SPA Hammam et Massage\",\"url\":\"https:\/\/marrakechmassage.com\/en\/\",\"logo\":{\"@type\":\"ImageObject\",\"inLanguage\":\"en-US\",\"@id\":\"https:\/\/marrakechmassage.com\/en\/#\/schema\/logo\/image\/\",\"url\":\"https:\/\/marrakechmassage.com\/wp-content\/uploads\/2018\/12\/logo.png\",\"contentUrl\":\"https:\/\/marrakechmassage.com\/wp-content\/uploads\/2018\/12\/logo.png\",\"width\":283,\"height\":269,\"caption\":\"Marrakech SPA Hammam et Massage\"},\"image\":{\"@id\":\"https:\/\/marrakechmassage.com\/en\/#\/schema\/logo\/image\/\"},\"sameAs\":[\"https:\/\/www.facebook.com\/marrakech.spa.hammam.massage\/\"]}]}<\/script>\n<!-- \/ Yoast SEO plugin. -->","yoast_head_json":{"title":"Contact Us - Marrakech Massage &amp; Hammam","description":"Marrakesh Massage & Hammam is a space entirely devoted to well-being. A few minutes from Marrakesh downtown","robots":{"index":"index","follow":"follow","max-snippet":"max-snippet:-1","max-image-preview":"max-image-preview:large","max-video-preview":"max-video-preview:-1"},"canonical":"https:\/\/marrakechmassage.com\/en\/contact-us\/","og_locale":"en_US","og_type":"article","og_title":"Contact Us - Marrakech Massage &amp; Hammam","og_description":"Marrakesh Massage & Hammam is a space entirely devoted to well-being. A few minutes from Marrakesh downtown","og_url":"https:\/\/marrakechmassage.com\/en\/contact-us\/","og_site_name":"Marrakech Massage &amp; Hammam","article_publisher":"https:\/\/www.facebook.com\/marrakech.spa.hammam.massage\/","article_modified_time":"2024-01-30T14:57:48+00:00","og_image":[{"width":283,"height":269,"url":"https:\/\/marrakechmassage.com\/wp-content\/uploads\/2018\/12\/logo.png","type":"image\/png"}],"twitter_card":"summary_large_image","twitter_misc":{"Est. reading time":"1 minute"},"schema":{"@context":"https:\/\/schema.org","@graph":[{"@type":"WebPage","@id":"https:\/\/marrakechmassage.com\/en\/contact-us\/","url":"https:\/\/marrakechmassage.com\/en\/contact-us\/","name":"Contact Us - Marrakech Massage &amp; Hammam","isPartOf":{"@id":"https:\/\/marrakechmassage.com\/en\/#website"},"datePublished":"2017-01-24T16:07:51+00:00","dateModified":"2024-01-30T14:57:48+00:00","description":"Marrakesh Massage & Hammam is a space entirely devoted to well-being. A few minutes from Marrakesh downtown","breadcrumb":{"@id":"https:\/\/marrakechmassage.com\/en\/contact-us\/#breadcrumb"},"inLanguage":"en-US","potentialAction":[{"@type":"ReadAction","target":["https:\/\/marrakechmassage.com\/en\/contact-us\/"]}]},{"@type":"BreadcrumbList","@id":"https:\/\/marrakechmassage.com\/en\/contact-us\/#breadcrumb","itemListElement":[{"@type":"ListItem","position":1,"name":"Home","item":"https:\/\/marrakechmassage.com\/en\/"},{"@type":"ListItem","position":2,"name":"Contact Us"}]},{"@type":"WebSite","@id":"https:\/\/marrakechmassage.com\/en\/#website","url":"https:\/\/marrakechmassage.com\/en\/","name":"Marrakech Massage et Hammam","description":"Marrakech SPA est un espace enti\u00e8rement consacr\u00e9 au bien-\u00eatre.","publisher":{"@id":"https:\/\/marrakechmassage.com\/en\/#organization"},"potentialAction":[{"@type":"SearchAction","target":{"@type":"EntryPoint","urlTemplate":"https:\/\/marrakechmassage.com\/en\/?s={search_term_string}"},"query-input":{"@type":"PropertyValueSpecification","valueRequired":true,"valueName":"search_term_string"}}],"inLanguage":"en-US"},{"@type":"Organization","@id":"https:\/\/marrakechmassage.com\/en\/#organization","name":"Marrakech SPA Hammam et Massage","url":"https:\/\/marrakechmassage.com\/en\/","logo":{"@type":"ImageObject","inLanguage":"en-US","@id":"https:\/\/marrakechmassage.com\/en\/#\/schema\/logo\/image\/","url":"https:\/\/marrakechmassage.com\/wp-content\/uploads\/2018\/12\/logo.png","contentUrl":"https:\/\/marrakechmassage.com\/wp-content\/uploads\/2018\/12\/logo.png","width":283,"height":269,"caption":"Marrakech SPA Hammam et Massage"},"image":{"@id":"https:\/\/marrakechmassage.com\/en\/#\/schema\/logo\/image\/"},"sameAs":["https:\/\/www.facebook.com\/marrakech.spa.hammam.massage\/"]}]}},"_links":{"self":[{"href":"https:\/\/marrakechmassage.com\/en\/wp-json\/wp\/v2\/pages\/2239","targetHints":{"allow":["GET"]}}],"collection":[{"href":"https:\/\/marrakechmassage.com\/en\/wp-json\/wp\/v2\/pages"}],"about":[{"href":"https:\/\/marrakechmassage.com\/en\/wp-json\/wp\/v2\/types\/page"}],"author":[{"embeddable":true,"href":"https:\/\/marrakechmassage.com\/en\/wp-json\/wp\/v2\/users\/5"}],"replies":[{"embeddable":true,"href":"https:\/\/marrakechmassage.com\/en\/wp-json\/wp\/v2\/comments?post=2239"}],"version-history":[{"count":0,"href":"https:\/\/marrakechmassage.com\/en\/wp-json\/wp\/v2\/pages\/2239\/revisions"}],"wp:attachment":[{"href":"https:\/\/marrakechmassage.com\/en\/wp-json\/wp\/v2\/media?parent=2239"}],"curies":[{"name":"wp","href":"https:\/\/api.w.org\/{rel}","templated":true}]}}