{"id":2231,"date":"2019-07-04T17:20:53","date_gmt":"2019-07-04T17:20:53","guid":{"rendered":"https:\/\/marrakechmassage.com\/spa-privatization\/"},"modified":"2023-03-05T14:30:34","modified_gmt":"2023-03-05T14:30:34","slug":"spa-privatization","status":"publish","type":"page","link":"https:\/\/marrakechmassage.com\/en\/spa-privatization\/","title":{"rendered":"SPA Privatization"},"content":{"rendered":"<div class=\"wpb-content-wrapper\"><p>[vc_row][vc_column]\n\n    <div class=\"nd_options_section nd_options_position_relative \">\n\n        <img decoding=\"async\" style=\"top:px\" alt=\"\" class=\"nd_options_position_absolute nd_options_left_0\" width=\"50\" src=\"https:\/\/marrakechmassage.com\/wp-content\/uploads\/2019\/01\/669A1067-1024x683.jpg\">\n\n        <div style=\"padding-left:70px\" class=\"nd_options_section nd_options_box_sizing_border_box\">\n            \n            <h3 class=\"  \" style=\"margin:;color:;font-size:px;line-height:px\">Group for Wedding<\/h3> \n             \n            \n\n        <\/div>\n\n    <\/div>\n\n  [\/vc_column][\/vc_row][vc_row][vc_column][vc_empty_space][vc_hoverbox image=&#8221;2167&#8243; primary_title=&#8221;&#8221; hover_title=&#8221;Group for Wedding&#8221;][\/vc_hoverbox][\/vc_column][\/vc_row][vc_row][vc_column][vc_empty_space][vc_empty_space][\/vc_column][\/vc_row][vc_row][vc_column][vc_empty_space][vc_btn title=&#8221;Contact us&#8221; style=&#8221;3d&#8221; align=&#8221;center&#8221;][vc_empty_space][\/vc_column][\/vc_row][vc_row][vc_column]\n\n    <div class=\"nd_options_section nd_options_position_relative \">\n\n        <img decoding=\"async\" style=\"top:px\" alt=\"\" class=\"nd_options_position_absolute nd_options_left_0\" width=\"50\" src=\"https:\/\/marrakechmassage.com\/wp-content\/uploads\/2018\/12\/4-1024x682.jpg\">\n\n        <div style=\"padding-left:70px\" class=\"nd_options_section nd_options_box_sizing_border_box\">\n            \n            <h3 class=\"  \" style=\"margin:;color:;font-size:px;line-height:px\">Bachelor Party<\/h3> \n             \n            \n\n        <\/div>\n\n    <\/div>\n\n  [vc_empty_space][\/vc_column][\/vc_row][vc_row][vc_column][vc_empty_space][vc_hoverbox image=&#8221;2206&#8243; primary_title=&#8221;&#8221; hover_title=&#8221;Bachelor party&#8221;][\/vc_hoverbox][\/vc_column][\/vc_row][vc_row][vc_column][vc_empty_space][vc_btn title=&#8221;Contact us&#8221; style=&#8221;3d&#8221; align=&#8221;center&#8221; link=&#8221;url:https%3A%2F%2Fmarrakechmassage.com%2Fen%2Fcontact-us%2F|&#8221;][\/vc_column][\/vc_row]<\/p>\n<\/div>","protected":false},"excerpt":{"rendered":"<p>[vc_row][vc_column][\/vc_column][\/vc_row][vc_row][vc_column][vc_empty_space][vc_hoverbox image=&#8221;2167&#8243; primary_title=&#8221;&#8221; hover_title=&#8221;Group for Wedding&#8221;][\/vc_hoverbox][\/vc_column][\/vc_row][vc_row][vc_column][vc_empty_space][vc_empty_space][\/vc_column][\/vc_row][vc_row][vc_column][vc_empty_space][vc_btn title=&#8221;Contact us&#8221; style=&#8221;3d&#8221; align=&#8221;center&#8221;][vc_empty_space][\/vc_column][\/vc_row][vc_row][vc_column][vc_empty_space][\/vc_column][\/vc_row][vc_row][vc_column][vc_empty_space][vc_hoverbox image=&#8221;2206&#8243; primary_title=&#8221;&#8221; hover_title=&#8221;Bachelor party&#8221;][\/vc_hoverbox][\/vc_column][\/vc_row][vc_row][vc_column][vc_empty_space][vc_btn title=&#8221;Contact us&#8221; style=&#8221;3d&#8221; align=&#8221;center&#8221; link=&#8221;url:https%3A%2F%2Fmarrakechmassage.com%2Fen%2Fcontact-us%2F|&#8221;][\/vc_column][\/vc_row]<\/p>\n","protected":false},"author":5,"featured_media":0,"parent":0,"menu_order":0,"comment_status":"closed","ping_status":"closed","template":"","meta":{"_joinchat":[],"footnotes":""},"class_list":["post-2231","page","type-page","status-publish","hentry"],"yoast_head":"<!-- This site is optimized with the Yoast SEO plugin v25.9 - https:\/\/yoast.com\/wordpress\/plugins\/seo\/ -->\n<title>SPA Privatization - Marrakech Massage &amp; Hammam<\/title>\n<meta name=\"robots\" content=\"index, follow, max-snippet:-1, max-image-preview:large, max-video-preview:-1\" \/>\n<link rel=\"canonical\" href=\"https:\/\/marrakechmassage.com\/en\/spa-privatization\/\" \/>\n<meta property=\"og:locale\" content=\"en_US\" \/>\n<meta property=\"og:type\" content=\"article\" \/>\n<meta property=\"og:title\" content=\"SPA Privatization - Marrakech Massage &amp; Hammam\" \/>\n<meta property=\"og:description\" content=\"[vc_row][vc_column][\/vc_column][\/vc_row][vc_row][vc_column][vc_empty_space][vc_hoverbox image=&#8221;2167&#8243; primary_title=&#8221;&#8221; hover_title=&#8221;Group for Wedding&#8221;][\/vc_hoverbox][\/vc_column][\/vc_row][vc_row][vc_column][vc_empty_space][vc_empty_space][\/vc_column][\/vc_row][vc_row][vc_column][vc_empty_space][vc_btn title=&#8221;Contact us&#8221; style=&#8221;3d&#8221; align=&#8221;center&#8221;][vc_empty_space][\/vc_column][\/vc_row][vc_row][vc_column][vc_empty_space][\/vc_column][\/vc_row][vc_row][vc_column][vc_empty_space][vc_hoverbox image=&#8221;2206&#8243; primary_title=&#8221;&#8221; hover_title=&#8221;Bachelor party&#8221;][\/vc_hoverbox][\/vc_column][\/vc_row][vc_row][vc_column][vc_empty_space][vc_btn title=&#8221;Contact us&#8221; style=&#8221;3d&#8221; align=&#8221;center&#8221; link=&#8221;url:https%3A%2F%2Fmarrakechmassage.com%2Fen%2Fcontact-us%2F|&#8221;][\/vc_column][\/vc_row]\" \/>\n<meta property=\"og:url\" content=\"https:\/\/marrakechmassage.com\/en\/spa-privatization\/\" \/>\n<meta property=\"og:site_name\" content=\"Marrakech Massage &amp; Hammam\" \/>\n<meta property=\"article:publisher\" content=\"https:\/\/www.facebook.com\/marrakech.spa.hammam.massage\/\" \/>\n<meta property=\"article:modified_time\" content=\"2023-03-05T14:30:34+00:00\" \/>\n<meta property=\"og:image\" content=\"https:\/\/marrakechmassage.com\/wp-content\/uploads\/2018\/12\/logo.png\" \/>\n\t<meta property=\"og:image:width\" content=\"283\" \/>\n\t<meta property=\"og:image:height\" content=\"269\" \/>\n\t<meta property=\"og:image:type\" content=\"image\/png\" \/>\n<meta name=\"twitter:card\" content=\"summary_large_image\" \/>\n<meta name=\"twitter:label1\" content=\"Est. reading time\" \/>\n\t<meta name=\"twitter:data1\" content=\"1 minute\" \/>\n<script type=\"application\/ld+json\" class=\"yoast-schema-graph\">{\"@context\":\"https:\/\/schema.org\",\"@graph\":[{\"@type\":\"WebPage\",\"@id\":\"https:\/\/marrakechmassage.com\/en\/spa-privatization\/\",\"url\":\"https:\/\/marrakechmassage.com\/en\/spa-privatization\/\",\"name\":\"SPA Privatization - Marrakech Massage &amp; Hammam\",\"isPartOf\":{\"@id\":\"https:\/\/marrakechmassage.com\/en\/#website\"},\"datePublished\":\"2019-07-04T17:20:53+00:00\",\"dateModified\":\"2023-03-05T14:30:34+00:00\",\"breadcrumb\":{\"@id\":\"https:\/\/marrakechmassage.com\/en\/spa-privatization\/#breadcrumb\"},\"inLanguage\":\"en-US\",\"potentialAction\":[{\"@type\":\"ReadAction\",\"target\":[\"https:\/\/marrakechmassage.com\/en\/spa-privatization\/\"]}]},{\"@type\":\"BreadcrumbList\",\"@id\":\"https:\/\/marrakechmassage.com\/en\/spa-privatization\/#breadcrumb\",\"itemListElement\":[{\"@type\":\"ListItem\",\"position\":1,\"name\":\"Home\",\"item\":\"https:\/\/marrakechmassage.com\/en\/\"},{\"@type\":\"ListItem\",\"position\":2,\"name\":\"SPA Privatization\"}]},{\"@type\":\"WebSite\",\"@id\":\"https:\/\/marrakechmassage.com\/en\/#website\",\"url\":\"https:\/\/marrakechmassage.com\/en\/\",\"name\":\"Marrakech Massage et Hammam\",\"description\":\"Marrakech SPA est un espace enti\u00e8rement consacr\u00e9 au bien-\u00eatre.\",\"publisher\":{\"@id\":\"https:\/\/marrakechmassage.com\/en\/#organization\"},\"potentialAction\":[{\"@type\":\"SearchAction\",\"target\":{\"@type\":\"EntryPoint\",\"urlTemplate\":\"https:\/\/marrakechmassage.com\/en\/?s={search_term_string}\"},\"query-input\":{\"@type\":\"PropertyValueSpecification\",\"valueRequired\":true,\"valueName\":\"search_term_string\"}}],\"inLanguage\":\"en-US\"},{\"@type\":\"Organization\",\"@id\":\"https:\/\/marrakechmassage.com\/en\/#organization\",\"name\":\"Marrakech SPA Hammam et Massage\",\"url\":\"https:\/\/marrakechmassage.com\/en\/\",\"logo\":{\"@type\":\"ImageObject\",\"inLanguage\":\"en-US\",\"@id\":\"https:\/\/marrakechmassage.com\/en\/#\/schema\/logo\/image\/\",\"url\":\"https:\/\/marrakechmassage.com\/wp-content\/uploads\/2018\/12\/logo.png\",\"contentUrl\":\"https:\/\/marrakechmassage.com\/wp-content\/uploads\/2018\/12\/logo.png\",\"width\":283,\"height\":269,\"caption\":\"Marrakech SPA Hammam et Massage\"},\"image\":{\"@id\":\"https:\/\/marrakechmassage.com\/en\/#\/schema\/logo\/image\/\"},\"sameAs\":[\"https:\/\/www.facebook.com\/marrakech.spa.hammam.massage\/\"]}]}<\/script>\n<!-- \/ Yoast SEO plugin. -->","yoast_head_json":{"title":"SPA Privatization - Marrakech Massage &amp; Hammam","robots":{"index":"index","follow":"follow","max-snippet":"max-snippet:-1","max-image-preview":"max-image-preview:large","max-video-preview":"max-video-preview:-1"},"canonical":"https:\/\/marrakechmassage.com\/en\/spa-privatization\/","og_locale":"en_US","og_type":"article","og_title":"SPA Privatization - Marrakech Massage &amp; Hammam","og_description":"[vc_row][vc_column][\/vc_column][\/vc_row][vc_row][vc_column][vc_empty_space][vc_hoverbox image=&#8221;2167&#8243; primary_title=&#8221;&#8221; hover_title=&#8221;Group for Wedding&#8221;][\/vc_hoverbox][\/vc_column][\/vc_row][vc_row][vc_column][vc_empty_space][vc_empty_space][\/vc_column][\/vc_row][vc_row][vc_column][vc_empty_space][vc_btn title=&#8221;Contact us&#8221; style=&#8221;3d&#8221; align=&#8221;center&#8221;][vc_empty_space][\/vc_column][\/vc_row][vc_row][vc_column][vc_empty_space][\/vc_column][\/vc_row][vc_row][vc_column][vc_empty_space][vc_hoverbox image=&#8221;2206&#8243; primary_title=&#8221;&#8221; hover_title=&#8221;Bachelor party&#8221;][\/vc_hoverbox][\/vc_column][\/vc_row][vc_row][vc_column][vc_empty_space][vc_btn title=&#8221;Contact us&#8221; style=&#8221;3d&#8221; align=&#8221;center&#8221; link=&#8221;url:https%3A%2F%2Fmarrakechmassage.com%2Fen%2Fcontact-us%2F|&#8221;][\/vc_column][\/vc_row]","og_url":"https:\/\/marrakechmassage.com\/en\/spa-privatization\/","og_site_name":"Marrakech Massage &amp; Hammam","article_publisher":"https:\/\/www.facebook.com\/marrakech.spa.hammam.massage\/","article_modified_time":"2023-03-05T14:30:34+00:00","og_image":[{"width":283,"height":269,"url":"https:\/\/marrakechmassage.com\/wp-content\/uploads\/2018\/12\/logo.png","type":"image\/png"}],"twitter_card":"summary_large_image","twitter_misc":{"Est. reading time":"1 minute"},"schema":{"@context":"https:\/\/schema.org","@graph":[{"@type":"WebPage","@id":"https:\/\/marrakechmassage.com\/en\/spa-privatization\/","url":"https:\/\/marrakechmassage.com\/en\/spa-privatization\/","name":"SPA Privatization - Marrakech Massage &amp; Hammam","isPartOf":{"@id":"https:\/\/marrakechmassage.com\/en\/#website"},"datePublished":"2019-07-04T17:20:53+00:00","dateModified":"2023-03-05T14:30:34+00:00","breadcrumb":{"@id":"https:\/\/marrakechmassage.com\/en\/spa-privatization\/#breadcrumb"},"inLanguage":"en-US","potentialAction":[{"@type":"ReadAction","target":["https:\/\/marrakechmassage.com\/en\/spa-privatization\/"]}]},{"@type":"BreadcrumbList","@id":"https:\/\/marrakechmassage.com\/en\/spa-privatization\/#breadcrumb","itemListElement":[{"@type":"ListItem","position":1,"name":"Home","item":"https:\/\/marrakechmassage.com\/en\/"},{"@type":"ListItem","position":2,"name":"SPA Privatization"}]},{"@type":"WebSite","@id":"https:\/\/marrakechmassage.com\/en\/#website","url":"https:\/\/marrakechmassage.com\/en\/","name":"Marrakech Massage et Hammam","description":"Marrakech SPA est un espace enti\u00e8rement consacr\u00e9 au bien-\u00eatre.","publisher":{"@id":"https:\/\/marrakechmassage.com\/en\/#organization"},"potentialAction":[{"@type":"SearchAction","target":{"@type":"EntryPoint","urlTemplate":"https:\/\/marrakechmassage.com\/en\/?s={search_term_string}"},"query-input":{"@type":"PropertyValueSpecification","valueRequired":true,"valueName":"search_term_string"}}],"inLanguage":"en-US"},{"@type":"Organization","@id":"https:\/\/marrakechmassage.com\/en\/#organization","name":"Marrakech SPA Hammam et Massage","url":"https:\/\/marrakechmassage.com\/en\/","logo":{"@type":"ImageObject","inLanguage":"en-US","@id":"https:\/\/marrakechmassage.com\/en\/#\/schema\/logo\/image\/","url":"https:\/\/marrakechmassage.com\/wp-content\/uploads\/2018\/12\/logo.png","contentUrl":"https:\/\/marrakechmassage.com\/wp-content\/uploads\/2018\/12\/logo.png","width":283,"height":269,"caption":"Marrakech SPA Hammam et Massage"},"image":{"@id":"https:\/\/marrakechmassage.com\/en\/#\/schema\/logo\/image\/"},"sameAs":["https:\/\/www.facebook.com\/marrakech.spa.hammam.massage\/"]}]}},"_links":{"self":[{"href":"https:\/\/marrakechmassage.com\/en\/wp-json\/wp\/v2\/pages\/2231","targetHints":{"allow":["GET"]}}],"collection":[{"href":"https:\/\/marrakechmassage.com\/en\/wp-json\/wp\/v2\/pages"}],"about":[{"href":"https:\/\/marrakechmassage.com\/en\/wp-json\/wp\/v2\/types\/page"}],"author":[{"embeddable":true,"href":"https:\/\/marrakechmassage.com\/en\/wp-json\/wp\/v2\/users\/5"}],"replies":[{"embeddable":true,"href":"https:\/\/marrakechmassage.com\/en\/wp-json\/wp\/v2\/comments?post=2231"}],"version-history":[{"count":0,"href":"https:\/\/marrakechmassage.com\/en\/wp-json\/wp\/v2\/pages\/2231\/revisions"}],"wp:attachment":[{"href":"https:\/\/marrakechmassage.com\/en\/wp-json\/wp\/v2\/media?parent=2231"}],"curies":[{"name":"wp","href":"https:\/\/api.w.org\/{rel}","templated":true}]}}