{"id":2229,"date":"2017-01-24T16:05:52","date_gmt":"2017-01-24T16:05:52","guid":{"rendered":"https:\/\/marrakechmassage.com\/apropos\/"},"modified":"2023-04-23T12:31:35","modified_gmt":"2023-04-23T12:31:35","slug":"apropos","status":"publish","type":"page","link":"https:\/\/marrakechmassage.com\/en\/apropos\/","title":{"rendered":"Apropos"},"content":{"rendered":"<div class=\"wpb-content-wrapper\"><p>[vc_row css=&#8221;.vc_custom_1484579625752{margin-top: 50px !important;}&#8221;][vc_column width=&#8221;1\/2&#8243; css=&#8221;.vc_custom_1467360650255{margin-top: 10px !important;margin-bottom: 10px !important;padding-top: 0px !important;padding-right: 40px !important;}&#8221;]<div style=\"background-color:;height: 15px\" class=\"nicdark_section  \"><\/div>[vc_column_text]<\/p>\n<h3>SPA<\/h3>\n<p>[\/vc_column_text]<div style=\"background-color:;height: 15px\" class=\"nicdark_section  \"><\/div>[vc_column_text]Moroccan SPA is a place of relaxation that offers traditional Moroccan treatments such as black soap massages, salt scrubs, clay wraps and steam baths. These treatments use natural ingredients such as argan oil, Rhassoul and beldi to revitalize the skin and relax the muscles. Moroccan SPAs can also include hammams, saunas and swimming pools for a complete wellness experience.[\/vc_column_text][\/vc_column][vc_column width=&#8221;1\/2&#8243; css=&#8221;.vc_custom_1467207298589{margin-top: 10px !important;margin-bottom: 10px !important;padding-top: 0px !important;}&#8221;]<div style=\"background-color:;height: 15px\" class=\"nicdark_section  \"><\/div>[vc_column_text]<\/p>\n<h3>Marrakech Massage<\/h3>\n<p>[\/vc_column_text]<div style=\"background-color:;height: 15px\" class=\"nicdark_section  \"><\/div>[vc_column_text el_class=&#8221;nd_options_text_align_center_responsive&#8221;]Marrakech SPA is a space entirely dedicated to well-being. A few minutes from downtown, we welcome you in a flowered space with a refined decor. 600 square meters entirely dedicated to relaxation and consisting of a dozen double and individual massage rooms, 3 traditional Moroccan hammams, an aesthetic cabin and a physiotherapy treatment room. Since its opening in 2006, Marrakech SPA has been the first independent center in Marrakech to democratize relaxation through massage and hammam treatments. Push the doors of Marrakech SPA and let yourself be carried away by the magic of the different treatments performed by a team of professionals who guarantee you a unique moment of relaxation.[\/vc_column_text]<div style=\"background-color:;height: 15px\" class=\"nicdark_section  \"><\/div>[\/vc_column][\/vc_row][vc_row][vc_column][vc_empty_space][vc_column_text css_animation=&#8221;fadeIn&#8221;]<\/p>\n<p style=\"text-align: center;\"><strong>Marrakech Spa, the first independent spa in Marrakech to democratize massage and hammam treatments by offering access to high quality services in a luxury setting at unbeatable prices.<\/strong><\/p>\n<p>[\/vc_column_text][vc_empty_space][\/vc_column][\/vc_row]<\/p>\n<\/div>","protected":false},"excerpt":{"rendered":"<p>[vc_row css=&#8221;.vc_custom_1484579625752{margin-top: 50px !important;}&#8221;][vc_column width=&#8221;1\/2&#8243; css=&#8221;.vc_custom_1467360650255{margin-top: 10px !important;margin-bottom: 10px !important;padding-top: 0px !important;padding-right: 40px !important;}&#8221;][vc_column_text] SPA [\/vc_column_text][vc_column_text]Moroccan SPA is a place of relaxation that offers traditional Moroccan treatments such as black soap massages, salt scrubs, clay wraps and steam baths. These treatments use natural ingredients such as argan oil, Rhassoul and beldi to revitalize the skin [&hellip;]<\/p>\n","protected":false},"author":5,"featured_media":0,"parent":0,"menu_order":0,"comment_status":"closed","ping_status":"closed","template":"","meta":{"_joinchat":[],"footnotes":""},"class_list":["post-2229","page","type-page","status-publish","hentry"],"yoast_head":"<!-- This site is optimized with the Yoast SEO plugin v25.9 - https:\/\/yoast.com\/wordpress\/plugins\/seo\/ -->\n<title>Apropos - Marrakech Massage &amp; Hammam<\/title>\n<meta name=\"description\" content=\"Treat yourself to an exceptional relaxation experience at the Marrakech SPA. With traditional Moroccan treatments, such as massages and scrubs\" \/>\n<meta name=\"robots\" content=\"index, follow, max-snippet:-1, max-image-preview:large, max-video-preview:-1\" \/>\n<link rel=\"canonical\" href=\"https:\/\/marrakechmassage.com\/en\/apropos\/\" \/>\n<meta property=\"og:locale\" content=\"en_US\" \/>\n<meta property=\"og:type\" content=\"article\" \/>\n<meta property=\"og:title\" content=\"Apropos - Marrakech Massage &amp; Hammam\" \/>\n<meta property=\"og:description\" content=\"Treat yourself to an exceptional relaxation experience at the Marrakech SPA. With traditional Moroccan treatments, such as massages and scrubs\" \/>\n<meta property=\"og:url\" content=\"https:\/\/marrakechmassage.com\/en\/apropos\/\" \/>\n<meta property=\"og:site_name\" content=\"Marrakech Massage &amp; Hammam\" \/>\n<meta property=\"article:publisher\" content=\"https:\/\/www.facebook.com\/marrakech.spa.hammam.massage\/\" \/>\n<meta property=\"article:modified_time\" content=\"2023-04-23T12:31:35+00:00\" \/>\n<meta property=\"og:image\" content=\"https:\/\/marrakechmassage.com\/wp-content\/uploads\/2018\/12\/logo.png\" \/>\n\t<meta property=\"og:image:width\" content=\"283\" \/>\n\t<meta property=\"og:image:height\" content=\"269\" \/>\n\t<meta property=\"og:image:type\" content=\"image\/png\" \/>\n<meta name=\"twitter:card\" content=\"summary_large_image\" \/>\n<meta name=\"twitter:label1\" content=\"Est. reading time\" \/>\n\t<meta name=\"twitter:data1\" content=\"2 minutes\" \/>\n<script type=\"application\/ld+json\" class=\"yoast-schema-graph\">{\"@context\":\"https:\/\/schema.org\",\"@graph\":[{\"@type\":\"WebPage\",\"@id\":\"https:\/\/marrakechmassage.com\/en\/apropos\/\",\"url\":\"https:\/\/marrakechmassage.com\/en\/apropos\/\",\"name\":\"Apropos - Marrakech Massage &amp; Hammam\",\"isPartOf\":{\"@id\":\"https:\/\/marrakechmassage.com\/en\/#website\"},\"datePublished\":\"2017-01-24T16:05:52+00:00\",\"dateModified\":\"2023-04-23T12:31:35+00:00\",\"description\":\"Treat yourself to an exceptional relaxation experience at the Marrakech SPA. With traditional Moroccan treatments, such as massages and scrubs\",\"breadcrumb\":{\"@id\":\"https:\/\/marrakechmassage.com\/en\/apropos\/#breadcrumb\"},\"inLanguage\":\"en-US\",\"potentialAction\":[{\"@type\":\"ReadAction\",\"target\":[\"https:\/\/marrakechmassage.com\/en\/apropos\/\"]}]},{\"@type\":\"BreadcrumbList\",\"@id\":\"https:\/\/marrakechmassage.com\/en\/apropos\/#breadcrumb\",\"itemListElement\":[{\"@type\":\"ListItem\",\"position\":1,\"name\":\"Home\",\"item\":\"https:\/\/marrakechmassage.com\/en\/\"},{\"@type\":\"ListItem\",\"position\":2,\"name\":\"Apropos\"}]},{\"@type\":\"WebSite\",\"@id\":\"https:\/\/marrakechmassage.com\/en\/#website\",\"url\":\"https:\/\/marrakechmassage.com\/en\/\",\"name\":\"Marrakech Massage et Hammam\",\"description\":\"Marrakech SPA est un espace enti\u00e8rement consacr\u00e9 au bien-\u00eatre.\",\"publisher\":{\"@id\":\"https:\/\/marrakechmassage.com\/en\/#organization\"},\"potentialAction\":[{\"@type\":\"SearchAction\",\"target\":{\"@type\":\"EntryPoint\",\"urlTemplate\":\"https:\/\/marrakechmassage.com\/en\/?s={search_term_string}\"},\"query-input\":{\"@type\":\"PropertyValueSpecification\",\"valueRequired\":true,\"valueName\":\"search_term_string\"}}],\"inLanguage\":\"en-US\"},{\"@type\":\"Organization\",\"@id\":\"https:\/\/marrakechmassage.com\/en\/#organization\",\"name\":\"Marrakech SPA Hammam et Massage\",\"url\":\"https:\/\/marrakechmassage.com\/en\/\",\"logo\":{\"@type\":\"ImageObject\",\"inLanguage\":\"en-US\",\"@id\":\"https:\/\/marrakechmassage.com\/en\/#\/schema\/logo\/image\/\",\"url\":\"https:\/\/marrakechmassage.com\/wp-content\/uploads\/2018\/12\/logo.png\",\"contentUrl\":\"https:\/\/marrakechmassage.com\/wp-content\/uploads\/2018\/12\/logo.png\",\"width\":283,\"height\":269,\"caption\":\"Marrakech SPA Hammam et Massage\"},\"image\":{\"@id\":\"https:\/\/marrakechmassage.com\/en\/#\/schema\/logo\/image\/\"},\"sameAs\":[\"https:\/\/www.facebook.com\/marrakech.spa.hammam.massage\/\"]}]}<\/script>\n<!-- \/ Yoast SEO plugin. -->","yoast_head_json":{"title":"Apropos - Marrakech Massage &amp; Hammam","description":"Treat yourself to an exceptional relaxation experience at the Marrakech SPA. With traditional Moroccan treatments, such as massages and scrubs","robots":{"index":"index","follow":"follow","max-snippet":"max-snippet:-1","max-image-preview":"max-image-preview:large","max-video-preview":"max-video-preview:-1"},"canonical":"https:\/\/marrakechmassage.com\/en\/apropos\/","og_locale":"en_US","og_type":"article","og_title":"Apropos - Marrakech Massage &amp; Hammam","og_description":"Treat yourself to an exceptional relaxation experience at the Marrakech SPA. With traditional Moroccan treatments, such as massages and scrubs","og_url":"https:\/\/marrakechmassage.com\/en\/apropos\/","og_site_name":"Marrakech Massage &amp; Hammam","article_publisher":"https:\/\/www.facebook.com\/marrakech.spa.hammam.massage\/","article_modified_time":"2023-04-23T12:31:35+00:00","og_image":[{"width":283,"height":269,"url":"https:\/\/marrakechmassage.com\/wp-content\/uploads\/2018\/12\/logo.png","type":"image\/png"}],"twitter_card":"summary_large_image","twitter_misc":{"Est. reading time":"2 minutes"},"schema":{"@context":"https:\/\/schema.org","@graph":[{"@type":"WebPage","@id":"https:\/\/marrakechmassage.com\/en\/apropos\/","url":"https:\/\/marrakechmassage.com\/en\/apropos\/","name":"Apropos - Marrakech Massage &amp; Hammam","isPartOf":{"@id":"https:\/\/marrakechmassage.com\/en\/#website"},"datePublished":"2017-01-24T16:05:52+00:00","dateModified":"2023-04-23T12:31:35+00:00","description":"Treat yourself to an exceptional relaxation experience at the Marrakech SPA. With traditional Moroccan treatments, such as massages and scrubs","breadcrumb":{"@id":"https:\/\/marrakechmassage.com\/en\/apropos\/#breadcrumb"},"inLanguage":"en-US","potentialAction":[{"@type":"ReadAction","target":["https:\/\/marrakechmassage.com\/en\/apropos\/"]}]},{"@type":"BreadcrumbList","@id":"https:\/\/marrakechmassage.com\/en\/apropos\/#breadcrumb","itemListElement":[{"@type":"ListItem","position":1,"name":"Home","item":"https:\/\/marrakechmassage.com\/en\/"},{"@type":"ListItem","position":2,"name":"Apropos"}]},{"@type":"WebSite","@id":"https:\/\/marrakechmassage.com\/en\/#website","url":"https:\/\/marrakechmassage.com\/en\/","name":"Marrakech Massage et Hammam","description":"Marrakech SPA est un espace enti\u00e8rement consacr\u00e9 au bien-\u00eatre.","publisher":{"@id":"https:\/\/marrakechmassage.com\/en\/#organization"},"potentialAction":[{"@type":"SearchAction","target":{"@type":"EntryPoint","urlTemplate":"https:\/\/marrakechmassage.com\/en\/?s={search_term_string}"},"query-input":{"@type":"PropertyValueSpecification","valueRequired":true,"valueName":"search_term_string"}}],"inLanguage":"en-US"},{"@type":"Organization","@id":"https:\/\/marrakechmassage.com\/en\/#organization","name":"Marrakech SPA Hammam et Massage","url":"https:\/\/marrakechmassage.com\/en\/","logo":{"@type":"ImageObject","inLanguage":"en-US","@id":"https:\/\/marrakechmassage.com\/en\/#\/schema\/logo\/image\/","url":"https:\/\/marrakechmassage.com\/wp-content\/uploads\/2018\/12\/logo.png","contentUrl":"https:\/\/marrakechmassage.com\/wp-content\/uploads\/2018\/12\/logo.png","width":283,"height":269,"caption":"Marrakech SPA Hammam et Massage"},"image":{"@id":"https:\/\/marrakechmassage.com\/en\/#\/schema\/logo\/image\/"},"sameAs":["https:\/\/www.facebook.com\/marrakech.spa.hammam.massage\/"]}]}},"_links":{"self":[{"href":"https:\/\/marrakechmassage.com\/en\/wp-json\/wp\/v2\/pages\/2229","targetHints":{"allow":["GET"]}}],"collection":[{"href":"https:\/\/marrakechmassage.com\/en\/wp-json\/wp\/v2\/pages"}],"about":[{"href":"https:\/\/marrakechmassage.com\/en\/wp-json\/wp\/v2\/types\/page"}],"author":[{"embeddable":true,"href":"https:\/\/marrakechmassage.com\/en\/wp-json\/wp\/v2\/users\/5"}],"replies":[{"embeddable":true,"href":"https:\/\/marrakechmassage.com\/en\/wp-json\/wp\/v2\/comments?post=2229"}],"version-history":[{"count":0,"href":"https:\/\/marrakechmassage.com\/en\/wp-json\/wp\/v2\/pages\/2229\/revisions"}],"wp:attachment":[{"href":"https:\/\/marrakechmassage.com\/en\/wp-json\/wp\/v2\/media?parent=2229"}],"curies":[{"name":"wp","href":"https:\/\/api.w.org\/{rel}","templated":true}]}}